{"id":6,"date":"2022-01-05T17:50:44","date_gmt":"2022-01-05T16:50:44","guid":{"rendered":"http:\/\/avocat-guillet.be\/?page_id=6"},"modified":"2024-09-03T23:32:38","modified_gmt":"2024-09-03T21:32:38","slug":"a-propos-de","status":"publish","type":"page","link":"https:\/\/avocat-guillet.be\/","title":{"rendered":"Accueil"},"content":{"rendered":"\n<figure class=\"wp-block-image size-large wp-duotone-unset-1\"><img loading=\"lazy\" decoding=\"async\" width=\"1024\" height=\"256\" src=\"http:\/\/avocat-guillet.be\/wp-content\/uploads\/2024\/09\/Logo-Amandine-Large-Transparent-1024x256.png\" alt=\"\" class=\"wp-image-62\" srcset=\"https:\/\/avocat-guillet.be\/wp-content\/uploads\/2024\/09\/Logo-Amandine-Large-Transparent-1024x256.png 1024w, https:\/\/avocat-guillet.be\/wp-content\/uploads\/2024\/09\/Logo-Amandine-Large-Transparent-300x75.png 300w, https:\/\/avocat-guillet.be\/wp-content\/uploads\/2024\/09\/Logo-Amandine-Large-Transparent-768x192.png 768w, https:\/\/avocat-guillet.be\/wp-content\/uploads\/2024\/09\/Logo-Amandine-Large-Transparent-1536x384.png 1536w, https:\/\/avocat-guillet.be\/wp-content\/uploads\/2024\/09\/Logo-Amandine-Large-Transparent-1568x392.png 1568w, https:\/\/avocat-guillet.be\/wp-content\/uploads\/2024\/09\/Logo-Amandine-Large-Transparent.png 2000w\" sizes=\"(max-width: 1024px) 100vw, 1024px\" \/><\/figure>\n\n\n\n<hr class=\"wp-block-separator alignwide has-alpha-channel-opacity is-style-default\"\/>\n\n\n\n<div style=\"height:40px\" aria-hidden=\"true\" class=\"wp-block-spacer\"><\/div>\n\n\n\n<pre class=\"wp-block-verse\"><em><mark style=\"background-color:rgba(0, 0, 0, 0)\" class=\"has-inline-color has-gray-color\">Me Amandine Guillet, avocate sp\u00e9cialis\u00e9e en droit de la famille, \u00e0 votre \u00e9coute pour vous conseiller et vous assister dans vos litiges familiaux.<\/mark><\/em><\/pre>\n\n\n\n<div style=\"height:40px\" aria-hidden=\"true\" class=\"wp-block-spacer\"><\/div>\n\n\n\n<hr class=\"wp-block-separator has-alpha-channel-opacity\"\/>\n\n\n\n<h3 class=\"wp-block-heading\"><mark style=\"background-color:rgba(0, 0, 0, 0)\" class=\"has-inline-color has-gray-color\">Formulaire de Contact :<\/mark><\/h3>\n\n\n\n<div class=\"wp-block-contact-form-7-contact-form-selector\">\n<div class=\"wpcf7 no-js\" id=\"wpcf7-f66-o1\" lang=\"en-US\" dir=\"ltr\">\n<div class=\"screen-reader-response\"><p role=\"status\" aria-live=\"polite\" aria-atomic=\"true\"><\/p> <ul><\/ul><\/div>\n<form action=\"\/index.php?rest_route=%2Fwp%2Fv2%2Fpages%2F6#wpcf7-f66-o1\" method=\"post\" class=\"wpcf7-form init\" aria-label=\"Contact form\" novalidate=\"novalidate\" data-status=\"init\">\n<div style=\"display: none;\">\n<input type=\"hidden\" name=\"_wpcf7\" value=\"66\" \/>\n<input type=\"hidden\" name=\"_wpcf7_version\" value=\"5.9.8\" \/>\n<input type=\"hidden\" name=\"_wpcf7_locale\" value=\"en_US\" \/>\n<input type=\"hidden\" name=\"_wpcf7_unit_tag\" value=\"wpcf7-f66-o1\" \/>\n<input type=\"hidden\" name=\"_wpcf7_container_post\" value=\"0\" \/>\n<input type=\"hidden\" name=\"_wpcf7_posted_data_hash\" value=\"\" \/>\n<input type=\"hidden\" name=\"_wpcf7_recaptcha_response\" value=\"\" \/>\n<\/div>\n<p><label><br \/>\n<span class=\"wpcf7-form-control-wrap\" data-name=\"your-name\"><input size=\"40\" maxlength=\"400\" class=\"wpcf7-form-control wpcf7-text wpcf7-validates-as-required your-name\" id=\"your-name\" aria-required=\"true\" aria-invalid=\"false\" placeholder=\"Nom\" value=\"\" type=\"text\" name=\"your-name\" \/><\/span><\/label>\n<\/p>\n<p><label><br \/>\n<span class=\"wpcf7-form-control-wrap\" data-name=\"your-surname\"><input size=\"40\" maxlength=\"400\" class=\"wpcf7-form-control wpcf7-text wpcf7-validates-as-required your-surname\" id=\"your-surname\" aria-required=\"true\" aria-invalid=\"false\" placeholder=\"Pr\u00e9nom\" value=\"\" type=\"text\" name=\"your-surname\" \/><\/span><\/label>\n<\/p>\n<p><label><br \/>\n<span class=\"wpcf7-form-control-wrap\" data-name=\"your-email\"><input size=\"40\" maxlength=\"400\" class=\"wpcf7-form-control wpcf7-email wpcf7-validates-as-required wpcf7-text wpcf7-validates-as-email your-email\" id=\"your-email\" aria-required=\"true\" aria-invalid=\"false\" placeholder=\"Email\" value=\"\" type=\"email\" name=\"your-email\" \/><\/span><\/label>\n<\/p>\n<p><label><br \/>\n<span class=\"wpcf7-form-control-wrap\" data-name=\"your-tel\"><input size=\"40\" maxlength=\"400\" class=\"wpcf7-form-control wpcf7-tel wpcf7-text wpcf7-validates-as-tel your-tel\" id=\"your-tel\" aria-invalid=\"false\" placeholder=\"T\u00e9l\u00e9phone (Optionnel)\" value=\"\" type=\"tel\" name=\"your-tel\" \/><\/span><\/label>\n<\/p>\n<p><label><br \/>\n<span class=\"wpcf7-form-control-wrap\" data-name=\"your-subject\"><input size=\"40\" maxlength=\"400\" class=\"wpcf7-form-control wpcf7-text wpcf7-validates-as-required your-subject\" id=\"your-subject\" aria-required=\"true\" aria-invalid=\"false\" placeholder=\"Sujet de votre message\" value=\"\" type=\"text\" name=\"your-subject\" \/><\/span><\/label>\n<\/p>\n<p><label><br \/>\n<span class=\"wpcf7-form-control-wrap\" data-name=\"your-message\"><textarea cols=\"40\" rows=\"10\" maxlength=\"2000\" class=\"wpcf7-form-control wpcf7-textarea wpcf7-validates-as-required your-message\" id=\"your-message\" aria-required=\"true\" aria-invalid=\"false\" placeholder=\"Votre message ...\" name=\"your-message\"><\/textarea><\/span><\/label>\n<\/p>\n<p><input class=\"wpcf7-form-control wpcf7-submit has-spinner\" type=\"submit\" value=\"Envoyer\" \/>\n<\/p><div class=\"wpcf7-response-output\" aria-hidden=\"true\"><\/div>\n<\/form>\n<\/div>\n<\/div>\n\n\n\n<div style=\"height:120px\" aria-hidden=\"true\" class=\"wp-block-spacer\"><\/div>\n\n\n\n<hr class=\"wp-block-separator has-alpha-channel-opacity\"\/>\n\n\n\n<pre class=\"wp-block-verse has-text-align-center\"><mark style=\"background-color:rgba(0, 0, 0, 0)\" class=\"has-inline-color has-gray-color\"><em>Mail : a.guillet@avocat-guillet.be<br>Adresse : Boulevard Lambermont, 360 - 1030 Bruxelles<br>T\u00e9l\u00e9phone : +32 (0)498\/12.35.60<br>TVA : BE0645616350 <\/em><\/mark><\/pre>\n","protected":false},"excerpt":{"rendered":"<p>Me Amandine Guillet, avocate sp\u00e9cialis\u00e9e en droit de la famille, \u00e0 votre \u00e9coute pour vous conseiller et vous assister dans vos litiges familiaux. Formulaire de Contact : Mail : a.guillet@avocat-guillet.beAdresse : Boulevard Lambermont, 360 &#8211; 1030 BruxellesT\u00e9l\u00e9phone : +32 (0)498\/12.35.60TVA : BE0645616350<\/p>\n","protected":false},"author":1,"featured_media":0,"parent":0,"menu_order":0,"comment_status":"closed","ping_status":"closed","template":"","meta":{"footnotes":""},"class_list":["post-6","page","type-page","status-publish","hentry","entry"],"_links":{"self":[{"href":"https:\/\/avocat-guillet.be\/index.php?rest_route=\/wp\/v2\/pages\/6"}],"collection":[{"href":"https:\/\/avocat-guillet.be\/index.php?rest_route=\/wp\/v2\/pages"}],"about":[{"href":"https:\/\/avocat-guillet.be\/index.php?rest_route=\/wp\/v2\/types\/page"}],"author":[{"embeddable":true,"href":"https:\/\/avocat-guillet.be\/index.php?rest_route=\/wp\/v2\/users\/1"}],"replies":[{"embeddable":true,"href":"https:\/\/avocat-guillet.be\/index.php?rest_route=%2Fwp%2Fv2%2Fcomments&post=6"}],"version-history":[{"count":33,"href":"https:\/\/avocat-guillet.be\/index.php?rest_route=\/wp\/v2\/pages\/6\/revisions"}],"predecessor-version":[{"id":110,"href":"https:\/\/avocat-guillet.be\/index.php?rest_route=\/wp\/v2\/pages\/6\/revisions\/110"}],"wp:attachment":[{"href":"https:\/\/avocat-guillet.be\/index.php?rest_route=%2Fwp%2Fv2%2Fmedia&parent=6"}],"curies":[{"name":"wp","href":"https:\/\/api.w.org\/{rel}","templated":true}]}}